{"id":22332,"date":"2022-07-14T12:12:23","date_gmt":"2022-07-14T10:12:23","guid":{"rendered":"https:\/\/fse.regione.campania.it\/privacy-policy-questionari\/"},"modified":"2022-07-14T15:00:57","modified_gmt":"2022-07-14T13:00:57","slug":"questionari","status":"publish","type":"page","link":"https:\/\/fse2014-2020.regione.campania.it\/en\/questionari\/","title":{"rendered":"Privacy policy Questionari"},"content":{"rendered":"<section  class='av_textblock_section av-l5kvglv7-85a2280f28901e167fe21f0c79a21aee'  itemscope=\"itemscope\" itemtype=\"https:\/\/schema.org\/CreativeWork\" ><div class='avia_textblock'  itemprop=\"text\" ><p><strong>COMPILAZIONE DI QUESTIONARI ONLINE<\/strong><\/p>\n<p><strong>INFORMATIVA PER IL TRATTAMENTO DEI DATI PERSONALI<\/strong><\/p>\n<p>Ai sensi e per gli effetti degli artt. 13 e 14 del Regolamento (UE) 2016\/679 (Regolamento Generale sulla Protezione dei Dati), delle disposizioni attuative di cui al D.Lgs. 30 giugno 2003, n. 196, come modificato ed integrato dal D. Lgs 10 agosto 2018, n. 101, e della DGR n. 466 del 17\/07\/2018.<\/p>\n<p>***<\/p>\n<p>Con la presente Le forniamo le seguenti informazioni relative al trattamento, di seguito analiticamente descritto, che verr\u00e0 effettuato in relazione ai Suoi dati personali, nonch\u00e9 ai diritti che potr\u00e0 in qualsiasi momento esercitare, ai sensi della disciplina vigente.<\/p>\n<p><strong>\u00a0<\/strong><\/p>\n<p><strong>TITOLARE DEL TRATTAMENTO, DELEGATI AL TRATTAMENTO<\/strong><\/p>\n<p><em>Art.13, par.1, <\/em>lett.a \u00a0e art. 14, par. 1, lett. a del Regolamento (ue) 2016\/679 e DGR n. 466 del 17\/07\/2018<\/p>\n<p><em>\u00a0<\/em><\/p>\n<p>Conformemente a quanto previsto dal Regolamento (UE) 2016\/679, Titolare del Trattamento \u00e8 la Giunta Regionale della Regione Campania, con sede legale in Napoli, alla Via Santa Lucia n. 81.<\/p>\n<p>La DG 50 01 00 &#8211; Direzione Generale Autorit\u00e0 di gestione Fondo Sociale Europeo e Fondo per lo sviluppo e la coesione]\u00a0 (nel seguito per brevit\u00e0 \u201cTitolare\u201d), con sede in Napoli, Centro Direzionale Is. C3 \u2013 80143, telefono\u00a0 081 7962967 &#8211;\u00a0 081 7969170 Mail:\u00a0 dg.01@regione.campania.it\u00a0 &#8211;\u00a0 adg.fse@regione.campania.it,<\/p>\n<p>in qualit\u00e0 di Titolare Delegato al trattamento ai sensi della D.G.R.C. n. 466 del 17.07.2018, Le rilascia le informazioni relative al trattamento che verr\u00e0 effettuato, di seguito analiticamente descritto, in relazione ai Suoi dati personali o a quelli del soggetto del quale Lei esercita la rappresentanza legale, nonch\u00e9 ai diritti che potr\u00e0 in qualsiasi momento esercitare.<\/p>\n<p>I Suoi dati saranno trattati secondo i principi di liceit\u00e0, correttezza, trasparenza, sicurezza e riservatezza. Il trattamento sar\u00e0 svolto in forma prevalentemente non automatizzata, nel rispetto di quanto previsto dall\u2019art. 32 del GDPR 2016\/679, ad opera di soggetti appositamente incaricati e in ottemperanza a quanto previsto dall\u2019art. 29 GDPR 2016\/ 679.<\/p>\n<p>I dati personali che trattiamo vengono acquisiti e conservati nei supporti di memorizzazione dei <em>personal computer <\/em>in uso alle Persone autorizzate al trattamento e sono protetti da misure di sicurezza garantite dalla Direzione Generale per la Ricerca Scientifica. L&#8217;accesso a tali mezzi del trattamento \u00e8 consentito solo a soggetti incaricati direttamente dal Titolare. Tale accesso \u00e8 strettamente personale e avviene mediante l&#8217;utilizzo di credenziali di autenticazione unicamente in possesso dei singoli utenti. I dati personali sono inoltre conservati anche su supporti cartacei, adeguatamente custoditi e protetti da indebiti accessi da parte di soggetti non a ci\u00f2 autorizzati.<\/p>\n<p><strong>\u00a0<\/strong><\/p>\n<p><strong>DATA PROTECTION OFFICER<\/strong><\/p>\n<p><em>Art.13, par.1, lett. b<\/em> <em>\u00a0e art.14, par.1, lett. b<\/em> del Regolamento (UE) 2016\/679<\/p>\n<p><em>\u00a0<\/em><\/p>\n<p>Le rendiamo noti, inoltre, i dati di contatto del Responsabile della Protezione Dati: nominativo Fragomeni Vincenzo, nomina con D.P.G.R.C. n. 55 del 09\/03\/2021, e-mail <a href=\"mailto:dpo@regione.campania.it\">dpo@regione.campania.it<\/a>, pec: dpo@pec.regione.campania.it<\/p>\n<p><strong>\u00a0<\/strong><\/p>\n<p><strong>FINALIT\u00c0 SPECIFICHE DEL TRATTAMENTO DEI DATI PERSONALI<\/strong><\/p>\n<p><em>Art.13, par.1, lett. c<\/em> e <em>art.14, par.1, lett. c<\/em> del Regolamento (UE) 2016\/679<\/p>\n<p><em>\u00a0<\/em><\/p>\n<p>I dati personali da Lei forniti, o in uso presso la <strong>Direzione Generale Autorit\u00e0 di gestione Fondo Sociale Europeo e Fondo per lo sviluppo e la coesione, in qualit\u00e0 di Titolare del Trattamento e\/o presso Sviluppo Campania S.p.a. con sede legale in Via Santa Lucia n. 81, telefono 08123016600, in qualit\u00e0 di Responsabile del trattamento<\/strong>, sono necessari alla gestione di questionari online in apposita sezione del sito istituzionale del POR Campania FSE 2014-2020: fse.regione.campania.it finalizzata a:<\/p>\n<ol>\n<li>acquisizione di informazioni sulla conoscenza del Fondo Sociale Europeo e del Programma Operativo POR Campania FSE 2014-2020, come previsto dalle attivit\u00e0 di monitoraggio del Piano di Comunicazione del POR Campania FSE 2014-2020 attraverso la raccolta dati in forma aggregata a mezzo di questionari volontariamente compilati dagli utenti del sito in un\u2019apposita sezione;<\/li>\n<li>acquisizione di dati statistici in forma aggregata sulla conoscenza del Fondo Sociale Europeo e del Programma Operativo POR Campania FSE 2014-2020 per finalit\u00e0 di reportistica istituzionale periodica.<\/li>\n<\/ol>\n<p><strong>\u00a0<\/strong><\/p>\n<p><strong>BASE GIURIDICA<\/strong><\/p>\n<p><em>Art.13, par.1, lett.c <\/em>e <em>art.14, par.1, lett.c <\/em>del Regolamento (UE) 2016\/679 e <em>artt 2- ter e 2-sexies <\/em>del D.Lgs. 30 giugno 2003, n. 196, come modificato ed integrato dal D. Lgs 10 agosto 2018, n. 101<\/p>\n<p><em>\u00a0<\/em><\/p>\n<p>Il trattamento dei Suoi dati personali per la finalit\u00e0 di cui alle precedenti lett. a) e b) si fonda sulla base legittima prevista dal Regolamento (UE) 2016\/679 all\u2019art. 6, par. 1, lett. c <em>(\u201c<\/em><em>il trattamento \u00e8 necessario per adempiere un obbligo legale al quale \u00e8 soggetto il titolare del trattamento\u201d) <\/em>e all\u2019art. 6, par. 1, lett. e<em>) (\u201c<\/em><em>il trattamento \u00e8 necessario per l\u2019esecuzione di un compito di interesse pubblico o connesso all\u2019esercizio di pubblici poteri di cui \u00e8 investito il titolare del trattamento)<\/em>, nonch\u00e9 sulle previsioni dell\u2019art. 2-ter del D.Lgs. 30 giugno 2003, n. 196, come modificato ed integrato dal D. Lgs 10 agosto 2018, n. 101.<\/p>\n<p><strong>NATURA E CATEGORIA DEI DATI PERSONALI TRATTATI<\/strong><\/p>\n<p><em>Artt.4, 9 e 10 <\/em>del Regolamento (UE) 2016\/679<\/p>\n<p><strong>\u00a0<\/strong><\/p>\n<p>Costituiscono oggetto di trattamento i seguenti dati personali, da Lei forniti o acquisiti con le modalit\u00e0 riportate in precedenza, inerenti l&#8217;erogazione della prestazione richiesta: sesso, fascia di et\u00e0, citt\u00e0 e provincia di residenza\/domicilio abituale, titolo di studio, occupazione prevalente, ambito di occupazione, interessi tematici sulle politiche del Fondo Sociale Europeo.<\/p>\n<p><strong>MANCATA COMUNICAZIONE DEI DATI PERSONALI E CONSEGUENZE DEL RIFIUTO<\/strong><\/p>\n<p><em>Art.13, par.2, lett.e<\/em> del Regolamento (UE) 2016\/679\/UE<\/p>\n<p><em>\u00a0<\/em><\/p>\n<p>Il conferimento dei Suoi dati personali relativi alle finalit\u00e0 sopra indicate ai punti a) e b) ha natura obbligatoria (in quanto indispensabile ai fini dell\u2019adempimento delle finalit\u00e0 istituzionali cui \u00e8 preposto il <em>Titolare<\/em>); senza di esso, il <em>Titolare<\/em> non pu\u00f2 dar luogo all&#8217;esecuzione dei suoi compiti con pregiudizio per l\u2019erogazione delle prestazioni connesse.<\/p>\n<p><strong>DESTINATARI<\/strong> <strong>(o CATEGORIE DI DESTINARI) DI DATI PERSONALI<\/strong><\/p>\n<p><em>Art.13, par.1, lett. e<\/em> e <em>art.14, par.1, lett. e <\/em>del Regolamento (UE) 2016\/679<\/p>\n<p><em>\u00a0<\/em><\/p>\n<p>I Suoi dati personali non saranno diffusi. Potranno essere trattati solo da responsabili del trattamento o da dipendenti, collaboratori e consulenti che hanno ricevuto specifiche ed adeguate istruzioni ed apposite autorizzazioni.<\/p>\n<p>Le categorie di destinatari cui potranno essere comunicati i suoi dati sono le seguenti:<\/p>\n<ul>\n<li>Altri uffici dell\u2019Amministrazione regionale della Campania<\/li>\n<li>Servizi tecnici di Sviluppo Campania S.p.a.<\/li>\n<\/ul>\n<p><strong>\u00a0<\/strong><\/p>\n<p><strong>DURATA DEL TRATTAMENTO &#8211; PERIODO DI CONSERVAZIONE DEI DATI<\/strong><\/p>\n<p><em>Art.13, par.2, lett. a<\/em> e <em>art.14, par.1, lett. a <\/em>del Regolamento (UE) 2016\/679<\/p>\n<p>Nel rispetto dei principi di liceit\u00e0, limitazione delle finalit\u00e0 e minimizzazione dei dati, ai sensi dell\u2019art. 5 Regolamento (UE) 2016\/679, i Suoi dati personali saranno conservati per tutta la durata delle attivit\u00e0 finalizzate alla realizzazione dei compiti istituzionali di <strong>Sviluppo Campania S.p.a.<\/strong>; i dati personali potranno essere conservati per periodi pi\u00f9 lunghi per essere trattati esclusivamente a fini di archiviazione nel pubblico interesse, di ricerca scientifica o storica o a fini statistici, conformemente all\u2019articolo 89, paragrafo 1, del Regolamento 2016\/679\/UE.<\/p>\n<p>A prescindere dalla determinazione dell&#8217;interessato alla loro rimozione, i dati personali saranno in ogni caso conservati secondo i termini previsti dalla vigente normativa e\/o dai regolamenti nazionali, al fine esclusivo di garantire gli adempimenti specifici, propri delle attivit\u00e0 di competenza del <em>Titolare<\/em>.<\/p>\n<p>Sono fatti salvi i casi in cui si dovessero far valere in giudizio questioni afferenti le attivit\u00e0 di competenza del <em>Titolare<\/em>, nel qual caso i dati personali dell&#8217;Interessato, esclusivamente quelli necessari per tali finalit\u00e0, saranno trattati per il tempo indispensabile al loro perseguimento.<\/p>\n<p><strong>\u00a0<\/strong><\/p>\n<p><strong>DIRITTI DELL&#8217;INTERESSATO<\/strong><\/p>\n<p><em>Art.13, par.2, lett.b <\/em>e <em>art.14, par.2, lett.c <\/em>del Regolamento (UE) 2016\/679 e della\u00a0 DGR n. 466 del 17\/07\/2018<\/p>\n<p><strong>\u00a0<\/strong><\/p>\n<p>Le comunichiamo che potr\u00e0 esercitare i diritti di cui al Reg. (UE) 2016\/679, di seguito analiticamente descritti:<\/p>\n<p>&#8211; <strong>Diritto di accesso <\/strong><em>ex <\/em>art. 15<\/p>\n<p>Ha diritto di ottenere, dal Titolare del trattamento, la conferma dell&#8217;esistenza o meno di un trattamento di dati personali relativo ai Suoi dati, di conoscerne il contenuto e l&#8217;origine, verificarne l&#8217;esattezza ed in tal caso, di ottenere l\u2019accesso ai suddetti dati. In ogni caso ha diritto di ricevere una copia dei dati personali oggetto di trattamento.<\/p>\n<p>&#8211; <strong>Diritto di rettifica <\/strong><em>ex <\/em>art. 16<\/p>\n<p>Ha diritto di ottenere, dal Titolare del trattamento, l&#8217;integrazione, l&#8217;aggiornamento nonch\u00e9 la rettifica dei Suoi dati personali senza ingiustificato ritardo.<\/p>\n<p>&#8211; <strong>Diritto alla cancellazione <\/strong><em>ex <\/em>art. 17<\/p>\n<p>Ha diritto di ottenere, dal Titolare del trattamento, la cancellazione dei dati personali che La riguardano, senza ingiustificato ritardo, nei casi in cui ricorra una delle ipotesi previste dall\u2019art. 17 (dati personali non pi\u00f9 necessari rispetto alle finalit\u00e0 per cui sono stati raccolti o trattati, revoca del consenso ed insussistenza di altro fondamento giuridico per il trattamento, dati personali trattati illecitamente, esercizio del diritto di opposizione, ecc.).<\/p>\n<p>&#8211; <strong>Diritto di limitazione del trattamento <\/strong><em>ex <\/em>art. 18<\/p>\n<p>Ha diritto di ottenere, dal Titolare, la limitazione del trattamento dei dati personali nei casi espressamente previsti dal Regolamento, ovvero quando: contesta l\u2019esattezza dei dati, il trattamento \u00e8 illecito e chiede che ne sia meramente limitato l\u2019utilizzo, i dati sono necessari per l\u2019accertamento, l\u2019esercizio o la difesa di un diritto in sede giudiziaria o si \u00e8 opposto al trattamento per motivi legittimi.<\/p>\n<p>Se il trattamento \u00e8 limitato, i dati personali saranno trattati solo con il Suo esplicito consenso. Il Titolare \u00e8 tenuto ad informarla prima che la limitazione sia revocata.<\/p>\n<p>&#8211; <strong>Diritto alla portabilit\u00e0 dei dati <\/strong><em>ex <\/em>art. 20<\/p>\n<p>Qualora il trattamento sia effettuato con mezzi automatizzati, ha garantito il diritto alla portabilit\u00e0 dei dati personali che la riguardano, qualora il trattamento si basi sul consenso o su un contratto, nonch\u00e9 la trasmissione diretta degli stessi ad altro titolare di trattamento, ove tecnicamente fattibile.<\/p>\n<p>&#8211; <strong>Diritto di opposizione <\/strong><em>ex <\/em>art. 21<\/p>\n<p>Ha diritto di opporsi in qualsiasi momento, per motivi connessi alla sua situazione particolare, al trattamento di dati personali che lo riguardano. Verr\u00e0, comunque, effettuato dal Titolare del trattamento un bilanciamento tra i Suoi interessi ed i motivi legittimi cogenti per procedere al trattamento (tra cui, ad esempio, accertamento, esercizio e difesa di un diritto in sede giudiziaria, ecc.).<\/p>\n<p>Le richieste per l\u2019esercizio dei suindicati diritti vanno rivolte direttamente a:<\/p>\n<p>Responsabile della Protezione dei Dati (DPO), indirizzo email: dpo@regione.campania.it<\/p>\n<p>La informiamo, inoltre, che pu\u00f2 proporre <strong>reclamo <\/strong>motivato al Garante per la Protezione dei Dati Personali (art. 57, par. 1, lett. f, Reg. 679\/2016) ai sensi delle disposizioni di cui al Capo I, Titolo I, Parte III del D. Lgs. 101\/2018:<\/p>\n<p>&#8211; via e-mail, all&#8217;indirizzo: garante@gpdp.it <strong>\/ <\/strong><a href=\"mailto:urp@gdpd.it\">urp@gdpd.it<\/a><\/p>\n<p>&#8211; via fax: 06 696773785<\/p>\n<p>&#8211; oppure via posta, al Garante per la Protezione dei Dati Personali, che ha sede in Roma (Italia), Piazza di Monte Citorio n. 121, cap 00186<\/p>\n<p>ovvero alternativamente mediante ricorso all\u2019Autorit\u00e0 Giudiziaria ai sensi dell\u2019articolo 140-bis del D. Lgs. 101\/2018.<\/p>\n<p><strong>PROCESSO DECISIONALE AUTOMATIZZATO<\/strong><\/p>\n<p><em>Art.13, par.2, lett. f <\/em>e <em>art.14, par.2, lett. g <\/em>del Regolamento (UE) 2016\/679 e della DGR n. 466 del 17\/07\/2018<\/p>\n<p>Il trattamento sar\u00e0 svolto in forma prevalentemente non automatizzata, nel rispetto di quanto previsto dall\u2019art. 32 del Regolamento (UE) 2016\/679, ad opera di soggetti appositamente incaricati e in ottemperanza a quanto previsto dall\u2019art. 29 del Regolamento (UE) 2016\/679.<\/p>\n<p>Per tutto quanto non contemplato nella presente informativa, si rimanda alla sezione generale della <a href=\"https:\/\/fse.regione.campania.it\/privacy-policy\/\"><strong>Informativa sulla privacy<\/strong><\/a><\/p>\n<\/div><\/section>\n","protected":false},"excerpt":{"rendered":"","protected":false},"author":13,"featured_media":0,"parent":0,"menu_order":0,"comment_status":"closed","ping_status":"closed","template":"","meta":{"footnotes":""},"class_list":["post-22332","page","type-page","status-publish","hentry"],"yoast_head":"<!-- This site is optimized with the Yoast SEO plugin v25.0 - https:\/\/yoast.com\/wordpress\/plugins\/seo\/ -->\n<title>Privacy policy Questionari - FSE POR Campania 2014\/2020<\/title>\n<meta name=\"robots\" content=\"index, follow, max-snippet:-1, max-image-preview:large, max-video-preview:-1\" \/>\n<link rel=\"canonical\" href=\"https:\/\/fse2014-2020.regione.campania.it\/privacy-policy\/questionari\/\" \/>\n<meta property=\"og:locale\" content=\"en_US\" \/>\n<meta property=\"og:type\" content=\"article\" \/>\n<meta property=\"og:title\" content=\"Privacy policy Questionari - FSE POR Campania 2014\/2020\" \/>\n<meta property=\"og:url\" content=\"https:\/\/fse2014-2020.regione.campania.it\/privacy-policy\/questionari\/\" \/>\n<meta property=\"og:site_name\" content=\"FSE POR Campania 2014\/2020\" \/>\n<meta property=\"article:modified_time\" content=\"2022-07-14T13:00:57+00:00\" \/>\n<meta property=\"og:image\" content=\"https:\/\/fse2014-2020.regione.campania.it\/wp-content\/uploads\/2015\/12\/fb_porfseregionecampania.jpg\" \/>\n<meta name=\"twitter:card\" content=\"summary_large_image\" \/>\n<meta name=\"twitter:label1\" content=\"Est. reading time\" \/>\n\t<meta name=\"twitter:data1\" content=\"10 minutes\" \/>\n<script type=\"application\/ld+json\" class=\"yoast-schema-graph\">{\"@context\":\"https:\/\/schema.org\",\"@graph\":[{\"@type\":\"WebPage\",\"@id\":\"https:\/\/fse2014-2020.regione.campania.it\/privacy-policy\/questionari\/\",\"url\":\"https:\/\/fse2014-2020.regione.campania.it\/privacy-policy\/questionari\/\",\"name\":\"Privacy policy Questionari - FSE POR Campania 2014\/2020\",\"isPartOf\":{\"@id\":\"https:\/\/fse2014-2020.regione.campania.it\/#website\"},\"datePublished\":\"2022-07-14T10:12:23+00:00\",\"dateModified\":\"2022-07-14T13:00:57+00:00\",\"breadcrumb\":{\"@id\":\"https:\/\/fse2014-2020.regione.campania.it\/privacy-policy\/questionari\/#breadcrumb\"},\"inLanguage\":\"en-US\",\"potentialAction\":[{\"@type\":\"ReadAction\",\"target\":[\"https:\/\/fse2014-2020.regione.campania.it\/privacy-policy\/questionari\/\"]}]},{\"@type\":\"BreadcrumbList\",\"@id\":\"https:\/\/fse2014-2020.regione.campania.it\/privacy-policy\/questionari\/#breadcrumb\",\"itemListElement\":[{\"@type\":\"ListItem\",\"position\":1,\"name\":\"Home\",\"item\":\"https:\/\/fse2014-2020.regione.campania.it\/en\/\"},{\"@type\":\"ListItem\",\"position\":2,\"name\":\"Privacy policy Questionari\"}]},{\"@type\":\"WebSite\",\"@id\":\"https:\/\/fse2014-2020.regione.campania.it\/#website\",\"url\":\"https:\/\/fse2014-2020.regione.campania.it\/\",\"name\":\"FSE POR Campania 2014\/2020\",\"description\":\"Fondo Sociale Europeo\",\"publisher\":{\"@id\":\"https:\/\/fse2014-2020.regione.campania.it\/#organization\"},\"potentialAction\":[{\"@type\":\"SearchAction\",\"target\":{\"@type\":\"EntryPoint\",\"urlTemplate\":\"https:\/\/fse2014-2020.regione.campania.it\/?s={search_term_string}\"},\"query-input\":{\"@type\":\"PropertyValueSpecification\",\"valueRequired\":true,\"valueName\":\"search_term_string\"}}],\"inLanguage\":\"en-US\"},{\"@type\":\"Organization\",\"@id\":\"https:\/\/fse2014-2020.regione.campania.it\/#organization\",\"name\":\"Fondo Sociale Europeo\",\"url\":\"https:\/\/fse2014-2020.regione.campania.it\/\",\"logo\":{\"@type\":\"ImageObject\",\"inLanguage\":\"en-US\",\"@id\":\"https:\/\/fse2014-2020.regione.campania.it\/#\/schema\/logo\/image\/\",\"url\":\"https:\/\/fse2014-2020.regione.campania.it\/wp-content\/uploads\/2022\/06\/gsecampania-logo.png\",\"contentUrl\":\"https:\/\/fse2014-2020.regione.campania.it\/wp-content\/uploads\/2022\/06\/gsecampania-logo.png\",\"width\":600,\"height\":275,\"caption\":\"Fondo Sociale Europeo\"},\"image\":{\"@id\":\"https:\/\/fse2014-2020.regione.campania.it\/#\/schema\/logo\/image\/\"}}]}<\/script>\n<!-- \/ Yoast SEO plugin. -->","yoast_head_json":{"title":"Privacy policy Questionari - FSE POR Campania 2014\/2020","robots":{"index":"index","follow":"follow","max-snippet":"max-snippet:-1","max-image-preview":"max-image-preview:large","max-video-preview":"max-video-preview:-1"},"canonical":"https:\/\/fse2014-2020.regione.campania.it\/privacy-policy\/questionari\/","og_locale":"en_US","og_type":"article","og_title":"Privacy policy Questionari - FSE POR Campania 2014\/2020","og_url":"https:\/\/fse2014-2020.regione.campania.it\/privacy-policy\/questionari\/","og_site_name":"FSE POR Campania 2014\/2020","article_modified_time":"2022-07-14T13:00:57+00:00","og_image":[{"url":"https:\/\/fse2014-2020.regione.campania.it\/wp-content\/uploads\/2015\/12\/fb_porfseregionecampania.jpg","type":"","width":"","height":""}],"twitter_card":"summary_large_image","twitter_misc":{"Est. reading time":"10 minutes"},"schema":{"@context":"https:\/\/schema.org","@graph":[{"@type":"WebPage","@id":"https:\/\/fse2014-2020.regione.campania.it\/privacy-policy\/questionari\/","url":"https:\/\/fse2014-2020.regione.campania.it\/privacy-policy\/questionari\/","name":"Privacy policy Questionari - FSE POR Campania 2014\/2020","isPartOf":{"@id":"https:\/\/fse2014-2020.regione.campania.it\/#website"},"datePublished":"2022-07-14T10:12:23+00:00","dateModified":"2022-07-14T13:00:57+00:00","breadcrumb":{"@id":"https:\/\/fse2014-2020.regione.campania.it\/privacy-policy\/questionari\/#breadcrumb"},"inLanguage":"en-US","potentialAction":[{"@type":"ReadAction","target":["https:\/\/fse2014-2020.regione.campania.it\/privacy-policy\/questionari\/"]}]},{"@type":"BreadcrumbList","@id":"https:\/\/fse2014-2020.regione.campania.it\/privacy-policy\/questionari\/#breadcrumb","itemListElement":[{"@type":"ListItem","position":1,"name":"Home","item":"https:\/\/fse2014-2020.regione.campania.it\/en\/"},{"@type":"ListItem","position":2,"name":"Privacy policy Questionari"}]},{"@type":"WebSite","@id":"https:\/\/fse2014-2020.regione.campania.it\/#website","url":"https:\/\/fse2014-2020.regione.campania.it\/","name":"FSE POR Campania 2014\/2020","description":"Fondo Sociale Europeo","publisher":{"@id":"https:\/\/fse2014-2020.regione.campania.it\/#organization"},"potentialAction":[{"@type":"SearchAction","target":{"@type":"EntryPoint","urlTemplate":"https:\/\/fse2014-2020.regione.campania.it\/?s={search_term_string}"},"query-input":{"@type":"PropertyValueSpecification","valueRequired":true,"valueName":"search_term_string"}}],"inLanguage":"en-US"},{"@type":"Organization","@id":"https:\/\/fse2014-2020.regione.campania.it\/#organization","name":"Fondo Sociale Europeo","url":"https:\/\/fse2014-2020.regione.campania.it\/","logo":{"@type":"ImageObject","inLanguage":"en-US","@id":"https:\/\/fse2014-2020.regione.campania.it\/#\/schema\/logo\/image\/","url":"https:\/\/fse2014-2020.regione.campania.it\/wp-content\/uploads\/2022\/06\/gsecampania-logo.png","contentUrl":"https:\/\/fse2014-2020.regione.campania.it\/wp-content\/uploads\/2022\/06\/gsecampania-logo.png","width":600,"height":275,"caption":"Fondo Sociale Europeo"},"image":{"@id":"https:\/\/fse2014-2020.regione.campania.it\/#\/schema\/logo\/image\/"}}]}},"_links":{"self":[{"href":"https:\/\/fse2014-2020.regione.campania.it\/en\/wp-json\/wp\/v2\/pages\/22332","targetHints":{"allow":["GET"]}}],"collection":[{"href":"https:\/\/fse2014-2020.regione.campania.it\/en\/wp-json\/wp\/v2\/pages"}],"about":[{"href":"https:\/\/fse2014-2020.regione.campania.it\/en\/wp-json\/wp\/v2\/types\/page"}],"author":[{"embeddable":true,"href":"https:\/\/fse2014-2020.regione.campania.it\/en\/wp-json\/wp\/v2\/users\/13"}],"replies":[{"embeddable":true,"href":"https:\/\/fse2014-2020.regione.campania.it\/en\/wp-json\/wp\/v2\/comments?post=22332"}],"version-history":[{"count":1,"href":"https:\/\/fse2014-2020.regione.campania.it\/en\/wp-json\/wp\/v2\/pages\/22332\/revisions"}],"predecessor-version":[{"id":22333,"href":"https:\/\/fse2014-2020.regione.campania.it\/en\/wp-json\/wp\/v2\/pages\/22332\/revisions\/22333"}],"wp:attachment":[{"href":"https:\/\/fse2014-2020.regione.campania.it\/en\/wp-json\/wp\/v2\/media?parent=22332"}],"curies":[{"name":"wp","href":"https:\/\/api.w.org\/{rel}","templated":true}]}}